{"id":7,"date":"2022-04-23T19:06:11","date_gmt":"2022-04-23T19:06:11","guid":{"rendered":"https:\/\/dev.net-vision.cz\/ivanamarkova\/?page_id=7"},"modified":"2022-05-13T10:04:00","modified_gmt":"2022-05-13T10:04:00","slug":"uvod","status":"publish","type":"page","link":"https:\/\/www.ivana-markova.cz\/","title":{"rendered":"\u00davod"},"content":{"rendered":"","protected":false},"excerpt":{"rendered":"","protected":false},"author":1,"featured_media":16,"parent":0,"menu_order":0,"comment_status":"closed","ping_status":"closed","template":"","meta":{"footnotes":""},"class_list":["post-7","page","type-page","status-publish","has-post-thumbnail","hentry"],"yoast_head":"<!-- This site is optimized with the Yoast SEO plugin v26.5 - https:\/\/yoast.com\/wordpress\/plugins\/seo\/ -->\n<title>MUDr. Markov\u00e1 Ivana- Praktick\u00fd l\u00e9ka\u0159 pro d\u011bti a dorost<\/title>\n<meta name=\"description\" content=\"Prevence a l\u00e9\u010dba d\u011btsk\u00fdch a adolescentn\u00edch pacient\u016f. Mo\u017enost homeopatick\u00e9 l\u00e9\u010dby.\" \/>\n<meta name=\"robots\" content=\"index, follow, max-snippet:-1, max-image-preview:large, max-video-preview:-1\" \/>\n<link rel=\"canonical\" href=\"https:\/\/www.ivana-markova.cz\/\" \/>\n<meta property=\"og:locale\" content=\"cs_CZ\" \/>\n<meta property=\"og:type\" content=\"article\" \/>\n<meta property=\"og:title\" content=\"MUDr. Markov\u00e1 Ivana- Praktick\u00fd l\u00e9ka\u0159 pro d\u011bti a dorost\" \/>\n<meta property=\"og:description\" content=\"Prevence a l\u00e9\u010dba d\u011btsk\u00fdch a adolescentn\u00edch pacient\u016f. Mo\u017enost homeopatick\u00e9 l\u00e9\u010dby.\" \/>\n<meta property=\"og:url\" content=\"https:\/\/www.ivana-markova.cz\/\" \/>\n<meta property=\"og:site_name\" content=\"MUDr. Ivana Markov\u00e1\" \/>\n<meta property=\"article:modified_time\" content=\"2022-05-13T10:04:00+00:00\" \/>\n<meta property=\"og:image\" content=\"https:\/\/www.ivana-markova.cz\/wp-content\/uploads\/2022\/04\/detskydoktor.jpg\" \/>\n\t<meta property=\"og:image:width\" content=\"1600\" \/>\n\t<meta property=\"og:image:height\" content=\"1068\" \/>\n\t<meta property=\"og:image:type\" content=\"image\/jpeg\" \/>\n<meta name=\"twitter:card\" content=\"summary_large_image\" \/>\n<script type=\"application\/ld+json\" class=\"yoast-schema-graph\">{\"@context\":\"https:\/\/schema.org\",\"@graph\":[{\"@type\":\"WebPage\",\"@id\":\"https:\/\/www.ivana-markova.cz\/\",\"url\":\"https:\/\/www.ivana-markova.cz\/\",\"name\":\"MUDr. Markov\u00e1 Ivana- Praktick\u00fd l\u00e9ka\u0159 pro d\u011bti a dorost\",\"isPartOf\":{\"@id\":\"https:\/\/www.ivana-markova.cz\/#website\"},\"primaryImageOfPage\":{\"@id\":\"https:\/\/www.ivana-markova.cz\/#primaryimage\"},\"image\":{\"@id\":\"https:\/\/www.ivana-markova.cz\/#primaryimage\"},\"thumbnailUrl\":\"https:\/\/www.ivana-markova.cz\/wp-content\/uploads\/2022\/04\/detskydoktor.jpg\",\"datePublished\":\"2022-04-23T19:06:11+00:00\",\"dateModified\":\"2022-05-13T10:04:00+00:00\",\"description\":\"Prevence a l\u00e9\u010dba d\u011btsk\u00fdch a adolescentn\u00edch pacient\u016f. Mo\u017enost homeopatick\u00e9 l\u00e9\u010dby.\",\"breadcrumb\":{\"@id\":\"https:\/\/www.ivana-markova.cz\/#breadcrumb\"},\"inLanguage\":\"cs\",\"potentialAction\":[{\"@type\":\"ReadAction\",\"target\":[\"https:\/\/www.ivana-markova.cz\/\"]}]},{\"@type\":\"ImageObject\",\"inLanguage\":\"cs\",\"@id\":\"https:\/\/www.ivana-markova.cz\/#primaryimage\",\"url\":\"https:\/\/www.ivana-markova.cz\/wp-content\/uploads\/2022\/04\/detskydoktor.jpg\",\"contentUrl\":\"https:\/\/www.ivana-markova.cz\/wp-content\/uploads\/2022\/04\/detskydoktor.jpg\",\"width\":1600,\"height\":1068},{\"@type\":\"BreadcrumbList\",\"@id\":\"https:\/\/www.ivana-markova.cz\/#breadcrumb\",\"itemListElement\":[{\"@type\":\"ListItem\",\"position\":1,\"name\":\"Dom\u016f\",\"item\":\"https:\/\/www.ivana-markova.cz\/\"},{\"@type\":\"ListItem\",\"position\":2,\"name\":\"\u00davod\"}]},{\"@type\":\"WebSite\",\"@id\":\"https:\/\/www.ivana-markova.cz\/#website\",\"url\":\"https:\/\/www.ivana-markova.cz\/\",\"name\":\"MUDr. Ivana Markov\u00e1\",\"description\":\"Just another WordPress site\",\"potentialAction\":[{\"@type\":\"SearchAction\",\"target\":{\"@type\":\"EntryPoint\",\"urlTemplate\":\"https:\/\/www.ivana-markova.cz\/?s={search_term_string}\"},\"query-input\":{\"@type\":\"PropertyValueSpecification\",\"valueRequired\":true,\"valueName\":\"search_term_string\"}}],\"inLanguage\":\"cs\"}]}<\/script>\n<!-- \/ Yoast SEO plugin. -->","yoast_head_json":{"title":"MUDr. Markov\u00e1 Ivana- Praktick\u00fd l\u00e9ka\u0159 pro d\u011bti a dorost","description":"Prevence a l\u00e9\u010dba d\u011btsk\u00fdch a adolescentn\u00edch pacient\u016f. Mo\u017enost homeopatick\u00e9 l\u00e9\u010dby.","robots":{"index":"index","follow":"follow","max-snippet":"max-snippet:-1","max-image-preview":"max-image-preview:large","max-video-preview":"max-video-preview:-1"},"canonical":"https:\/\/www.ivana-markova.cz\/","og_locale":"cs_CZ","og_type":"article","og_title":"MUDr. Markov\u00e1 Ivana- Praktick\u00fd l\u00e9ka\u0159 pro d\u011bti a dorost","og_description":"Prevence a l\u00e9\u010dba d\u011btsk\u00fdch a adolescentn\u00edch pacient\u016f. Mo\u017enost homeopatick\u00e9 l\u00e9\u010dby.","og_url":"https:\/\/www.ivana-markova.cz\/","og_site_name":"MUDr. Ivana Markov\u00e1","article_modified_time":"2022-05-13T10:04:00+00:00","og_image":[{"width":1600,"height":1068,"url":"https:\/\/www.ivana-markova.cz\/wp-content\/uploads\/2022\/04\/detskydoktor.jpg","type":"image\/jpeg"}],"twitter_card":"summary_large_image","schema":{"@context":"https:\/\/schema.org","@graph":[{"@type":"WebPage","@id":"https:\/\/www.ivana-markova.cz\/","url":"https:\/\/www.ivana-markova.cz\/","name":"MUDr. Markov\u00e1 Ivana- Praktick\u00fd l\u00e9ka\u0159 pro d\u011bti a dorost","isPartOf":{"@id":"https:\/\/www.ivana-markova.cz\/#website"},"primaryImageOfPage":{"@id":"https:\/\/www.ivana-markova.cz\/#primaryimage"},"image":{"@id":"https:\/\/www.ivana-markova.cz\/#primaryimage"},"thumbnailUrl":"https:\/\/www.ivana-markova.cz\/wp-content\/uploads\/2022\/04\/detskydoktor.jpg","datePublished":"2022-04-23T19:06:11+00:00","dateModified":"2022-05-13T10:04:00+00:00","description":"Prevence a l\u00e9\u010dba d\u011btsk\u00fdch a adolescentn\u00edch pacient\u016f. Mo\u017enost homeopatick\u00e9 l\u00e9\u010dby.","breadcrumb":{"@id":"https:\/\/www.ivana-markova.cz\/#breadcrumb"},"inLanguage":"cs","potentialAction":[{"@type":"ReadAction","target":["https:\/\/www.ivana-markova.cz\/"]}]},{"@type":"ImageObject","inLanguage":"cs","@id":"https:\/\/www.ivana-markova.cz\/#primaryimage","url":"https:\/\/www.ivana-markova.cz\/wp-content\/uploads\/2022\/04\/detskydoktor.jpg","contentUrl":"https:\/\/www.ivana-markova.cz\/wp-content\/uploads\/2022\/04\/detskydoktor.jpg","width":1600,"height":1068},{"@type":"BreadcrumbList","@id":"https:\/\/www.ivana-markova.cz\/#breadcrumb","itemListElement":[{"@type":"ListItem","position":1,"name":"Dom\u016f","item":"https:\/\/www.ivana-markova.cz\/"},{"@type":"ListItem","position":2,"name":"\u00davod"}]},{"@type":"WebSite","@id":"https:\/\/www.ivana-markova.cz\/#website","url":"https:\/\/www.ivana-markova.cz\/","name":"MUDr. Ivana Markov\u00e1","description":"Just another WordPress site","potentialAction":[{"@type":"SearchAction","target":{"@type":"EntryPoint","urlTemplate":"https:\/\/www.ivana-markova.cz\/?s={search_term_string}"},"query-input":{"@type":"PropertyValueSpecification","valueRequired":true,"valueName":"search_term_string"}}],"inLanguage":"cs"}]}},"_links":{"self":[{"href":"https:\/\/www.ivana-markova.cz\/index.php\/wp-json\/wp\/v2\/pages\/7","targetHints":{"allow":["GET"]}}],"collection":[{"href":"https:\/\/www.ivana-markova.cz\/index.php\/wp-json\/wp\/v2\/pages"}],"about":[{"href":"https:\/\/www.ivana-markova.cz\/index.php\/wp-json\/wp\/v2\/types\/page"}],"author":[{"embeddable":true,"href":"https:\/\/www.ivana-markova.cz\/index.php\/wp-json\/wp\/v2\/users\/1"}],"replies":[{"embeddable":true,"href":"https:\/\/www.ivana-markova.cz\/index.php\/wp-json\/wp\/v2\/comments?post=7"}],"version-history":[{"count":1,"href":"https:\/\/www.ivana-markova.cz\/index.php\/wp-json\/wp\/v2\/pages\/7\/revisions"}],"predecessor-version":[{"id":9,"href":"https:\/\/www.ivana-markova.cz\/index.php\/wp-json\/wp\/v2\/pages\/7\/revisions\/9"}],"wp:featuredmedia":[{"embeddable":true,"href":"https:\/\/www.ivana-markova.cz\/index.php\/wp-json\/wp\/v2\/media\/16"}],"wp:attachment":[{"href":"https:\/\/www.ivana-markova.cz\/index.php\/wp-json\/wp\/v2\/media?parent=7"}],"curies":[{"name":"wp","href":"https:\/\/api.w.org\/{rel}","templated":true}]}}